{"id":29,"date":"2016-12-18T18:38:32","date_gmt":"2016-12-18T17:38:32","guid":{"rendered":"http:\/\/localhost\/?page_id=29"},"modified":"2021-12-10T08:50:30","modified_gmt":"2021-12-10T07:50:30","slug":"medicinske-usluge","status":"publish","type":"page","link":"https:\/\/www.poliklinika-svluka.hr\/?page_id=29","title":{"rendered":"Medicinske usluge"},"content":{"rendered":"<p>U poliklinici pru\u017eamo sljede\u0107e medicinske usluge:<\/p>\n<ul>\n<li>kompletna op\u0107a internisti\u010dka i kardiolo\u0161ka neinvazivna obrada<\/li>\n<li>EKG\/elektrokardiogram, VKG\/vektokardiogram<\/li>\n<li>Kontinuirani 24-satni elektrokardiogram, holter ritma<\/li>\n<li>24-satno mjerenje krvnog tlaka, holter tlaka<\/li>\n<li>Ultrazvu\u010dni pregled abdomena, \u0161titnja\u010de, dojke i prostate<\/li>\n<li>UZV srca s color doplerom<\/li>\n<li>ku\u0107no lije\u010denje, ku\u0107ne posjete<\/li>\n<li>konzultacije<\/li>\n<li>laboratorijske pretrage: hematolo\u0161ke, biokemijske, imunolo\u0161ke pretrage, odre\u0111ivanje hormona, pretrage mokra\u0107e &#8211; u suradnji s vanjskom privatnom ustanovom<\/li>\n<li>izdisajni test za otkrivanje bakterije H. pylori.<\/li>\n<\/ul>\n<p>Ukoliko se poka\u017ee potrebnim, a prema prethodnom dogovoru, organiziramo sve ostale neophodne medicinske usluge i izvan na\u0161e Poliklinike, u svrhu dono\u0161enja kona\u010dne dijagnoze i medicinskog zbrinjavanja pacijenta.<\/p>\n<p>Ravnateljica Poliklinike je mr. sc. dr. Marica Bra\u010di\u0107-Kalan.<\/p>\n","protected":false},"excerpt":{"rendered":"<p>U poliklinici pru\u017eamo sljede\u0107e medicinske usluge: kompletna op\u0107a internisti\u010dka i kardiolo\u0161ka neinvazivna obrada EKG\/elektrokardiogram, VKG\/vektokardiogram Kontinuirani 24-satni elektrokardiogram, holter ritma 24-satno mjerenje krvnog tlaka, holter tlaka Ultrazvu\u010dni pregled abdomena, \u0161titnja\u010de, dojke i prostate UZV srca s color doplerom ku\u0107no lije\u010denje, ku\u0107ne posjete konzultacije laboratorijske pretrage: hematolo\u0161ke, biokemijske, imunolo\u0161ke pretrage, odre\u0111ivanje hormona, pretrage mokra\u0107e &#8211; u [&hellip;]<\/p>\n","protected":false},"author":1,"featured_media":0,"parent":0,"menu_order":0,"comment_status":"closed","ping_status":"closed","template":"","meta":[],"_links":{"self":[{"href":"https:\/\/www.poliklinika-svluka.hr\/index.php?rest_route=\/wp\/v2\/pages\/29"}],"collection":[{"href":"https:\/\/www.poliklinika-svluka.hr\/index.php?rest_route=\/wp\/v2\/pages"}],"about":[{"href":"https:\/\/www.poliklinika-svluka.hr\/index.php?rest_route=\/wp\/v2\/types\/page"}],"author":[{"embeddable":true,"href":"https:\/\/www.poliklinika-svluka.hr\/index.php?rest_route=\/wp\/v2\/users\/1"}],"replies":[{"embeddable":true,"href":"https:\/\/www.poliklinika-svluka.hr\/index.php?rest_route=%2Fwp%2Fv2%2Fcomments&post=29"}],"version-history":[{"count":6,"href":"https:\/\/www.poliklinika-svluka.hr\/index.php?rest_route=\/wp\/v2\/pages\/29\/revisions"}],"predecessor-version":[{"id":119,"href":"https:\/\/www.poliklinika-svluka.hr\/index.php?rest_route=\/wp\/v2\/pages\/29\/revisions\/119"}],"wp:attachment":[{"href":"https:\/\/www.poliklinika-svluka.hr\/index.php?rest_route=%2Fwp%2Fv2%2Fmedia&parent=29"}],"curies":[{"name":"wp","href":"https:\/\/api.w.org\/{rel}","templated":true}]}}