{"id":12,"date":"2016-12-18T18:11:42","date_gmt":"2016-12-18T17:11:42","guid":{"rendered":"http:\/\/localhost\/?page_id=12"},"modified":"2021-12-10T08:49:34","modified_gmt":"2021-12-10T07:49:34","slug":"o-poliklinici","status":"publish","type":"page","link":"https:\/\/www.poliklinika-svluka.hr\/?page_id=12","title":{"rendered":"O poliklinici"},"content":{"rendered":"<p>Poliklinika za internu medicinu Sv. Luka, smje\u0161tena je u samom centru Zagreba u blizini glavnog zagreba\u010dkog trga (Trg Bana Jela\u010di\u0107a), Katedrale te nasuprot sjemeni\u0161tu i crkvi Sv. Franje, na Kaptolu 24. Za korisnike na\u0161ih usluga, a za trajanja njihova kori\u0161tenja, osigurano je parkiranje.<\/p>\n<p>Nakon dugogodi\u0161njeg iskustva, rada u privatnoj praksi i u inozemstvu mr. sc. dr. Marica Bra\u010di\u0107-Kalan 2000. godine osniva vlastitu Polikliniku za internu medicinu Sv. Luka.<\/p>\n<p>Poliklinika obavlja specijalisti\u010dko-konzilijarnu zdrastvenu za\u0161titu iz podru\u010dja interne medicine i kardiologije.<\/p>\n<p>Mr. sc. dr. Marica Bra\u010di\u0107-Kalan je specijalista interne medicine s dvadesetpet godi\u0161njim specijalisti\u010dkim sta\u017eom, zavr\u0161enim poslijediplomskim studijem iz klini\u010dke farmakologije (u\u017ee podru\u010dje kardiovaskularna klini\u010dka farmakologija), zavr\u0161enim poslijediplomskim te\u010dajem stalnog usavr\u0161avanja lije\u010dnika prve kategorije &#8211; ultrazvuk abdominalnih organa i bolesti \u0161titnja\u010de.<\/p>\n<p>Dostupna u bilo koje vrijeme,\u00a0 mr. sc. dr. Marica Bra\u010di\u0107-Kalan bazira svoj rad na bliskoj komunikaciji s pacijentima te holisti\u010dkom pristupu, te me\u0111usobnom razumijevanju na relaciji lije\u010dnik-pacijent, \u0161to je i garancija me\u0111usobnog povjerenja i suradnje.<br \/>\nRezultat takvog rada je i priznanje po izboru pacijentata za najboljeg doktora 2015. &#8211; 2021. godine (priznanje za izvrsnost ) na portalu najdoktor.com<br \/>\nAktivno se slu\u017ei engleskim i njema\u010dkim jezikom.<\/p>\n<p>U Poliklinici je po potrebi anga\u017eiran tim konzultanata iz u\u017eeg podru\u010dja kardiologije, radiologije, neurologije i psiholo\u0161ke medicine.<br \/>\nAko se poka\u017ee potrebnim, a prema prethodnom dogovoru s pacijentom, organiziramo sve ostale neophodne medicinske usluge i izvan Poliklinike Sv. Luka, u svrhu dono\u0161enja kona\u010dne dijagnoze i medicinskog zbrinjavanja pacijenata.<\/p>\n<p>Radno vrijeme je po dogovoru.<\/p>\n<p>\u017diro ra\u010dun: IBAN HR4923600001101341077<\/p>\n<p>MB 1460145<\/p>\n<p>OIB <span class=\"st\">21036444523<\/span><\/p>\n","protected":false},"excerpt":{"rendered":"<p>Poliklinika za internu medicinu Sv. Luka, smje\u0161tena je u samom centru Zagreba u blizini glavnog zagreba\u010dkog trga (Trg Bana Jela\u010di\u0107a), Katedrale te nasuprot sjemeni\u0161tu i crkvi Sv. Franje, na Kaptolu 24. Za korisnike na\u0161ih usluga, a za trajanja njihova kori\u0161tenja, osigurano je parkiranje. Nakon dugogodi\u0161njeg iskustva, rada u privatnoj praksi i u inozemstvu mr. sc. [&hellip;]<\/p>\n","protected":false},"author":1,"featured_media":0,"parent":0,"menu_order":0,"comment_status":"closed","ping_status":"closed","template":"","meta":[],"_links":{"self":[{"href":"https:\/\/www.poliklinika-svluka.hr\/index.php?rest_route=\/wp\/v2\/pages\/12"}],"collection":[{"href":"https:\/\/www.poliklinika-svluka.hr\/index.php?rest_route=\/wp\/v2\/pages"}],"about":[{"href":"https:\/\/www.poliklinika-svluka.hr\/index.php?rest_route=\/wp\/v2\/types\/page"}],"author":[{"embeddable":true,"href":"https:\/\/www.poliklinika-svluka.hr\/index.php?rest_route=\/wp\/v2\/users\/1"}],"replies":[{"embeddable":true,"href":"https:\/\/www.poliklinika-svluka.hr\/index.php?rest_route=%2Fwp%2Fv2%2Fcomments&post=12"}],"version-history":[{"count":11,"href":"https:\/\/www.poliklinika-svluka.hr\/index.php?rest_route=\/wp\/v2\/pages\/12\/revisions"}],"predecessor-version":[{"id":118,"href":"https:\/\/www.poliklinika-svluka.hr\/index.php?rest_route=\/wp\/v2\/pages\/12\/revisions\/118"}],"wp:attachment":[{"href":"https:\/\/www.poliklinika-svluka.hr\/index.php?rest_route=%2Fwp%2Fv2%2Fmedia&parent=12"}],"curies":[{"name":"wp","href":"https:\/\/api.w.org\/{rel}","templated":true}]}}